{"id":6432,"date":"2026-04-16T19:24:07","date_gmt":"2026-04-16T17:24:07","guid":{"rendered":"https:\/\/www.catwayed.com\/?post_type=product&#038;p=6432"},"modified":"2026-04-18T13:54:44","modified_gmt":"2026-04-18T11:54:44","slug":"mandala-de-fuego","status":"publish","type":"product","link":"https:\/\/www.catwayed.com\/es\/producte\/mandala-de-fuego\/","title":{"rendered":"Mandala de Fuego"},"content":{"rendered":"<p>Junio del a\u00f1o 10 de la era Tensh\u00f4 (1582). Oda Nobunaga muere de forma violenta. En la sombra de este incidente que conmociona la sociedad del per\u00edodo Sengoku, un hombre encuentra un nuevo camino.<br \/>\nHasegawa T\u00f4haku, pintor de im\u00e1genes budistas en la pen\u00ednsula de Noto, decide trasladarse a Kioto, la capital. Hundido en la frustraci\u00f3n tras ser rechazado como aprendiz por Kan\u00f4 Eitoku, el pintor m\u00e1s prestigioso de la \u00e9poca, T\u00f4haku vive de forma mediocre, con pocas esperanzas de progresar.<br \/>\nSin embargo, durante el incidente del templo Honn\u00f4, se infiltra en el castillo de Azuchi entre las llamas, con una determinaci\u00f3n suicida. All\u00ed presencia la obra maestra de Eitoku, que lo deja tan impactado que decide aspirar a la cima como pintor.<br \/>\nFracaso, gloria, p\u00e9rdida&#8230; \u00bfQu\u00e9 paisaje espera al otro lado?<\/p>\n","protected":false},"excerpt":{"rendered":"<p>Junio del a\u00f1o 10 de la era Tensh\u00f4 (1582). Oda Nobunaga muere de forma violenta. En la sombra de este incidente que conmociona la sociedad del per\u00edodo Sengoku, un hombre encuentra un nuevo camino.<br \/>\nHasegawa T\u00f4haku, pintor de im\u00e1genes budistas en la pen\u00ednsula de Noto, decide trasladarse a Kioto, la capital. Hundido en la frustraci\u00f3n tras ser rechazado como aprendiz por Kan\u00f4 Eitoku, el pintor m\u00e1s prestigioso de la \u00e9poca, T\u00f4haku vive de forma mediocre, con pocas esperanzas de progresar.<br \/>\nSin embargo, durante el incidente del templo Honn\u00f4, se infiltra en el castillo de Azuchi entre las llamas, con una determinaci\u00f3n suicida. All\u00ed presencia la obra maestra de Eitoku, que lo deja tan impactado que decide aspirar a la cima como pintor.<br \/>\nFracaso, gloria, p\u00e9rdida&#8230; \u00bfQu\u00e9 paisaje espera al otro lado?<\/p>\n","protected":false},"featured_media":6440,"comment_status":"open","ping_status":"closed","template":"","meta":[],"product_brand":[],"product_cat":[152],"product_tag":[],"class_list":{"0":"post-6432","1":"product","2":"type-product","3":"status-publish","4":"has-post-thumbnail","6":"product_cat-mandala-de-fuego","7":"product_author-chie-shimomoto","8":"product_genre-historic","9":"product_genre-seinen","11":"first","12":"instock","13":"shipping-taxable","14":"product-type-external"},"_links":{"self":[{"href":"https:\/\/www.catwayed.com\/es\/wp-json\/wp\/v2\/product\/6432","targetHints":{"allow":["GET"]}}],"collection":[{"href":"https:\/\/www.catwayed.com\/es\/wp-json\/wp\/v2\/product"}],"about":[{"href":"https:\/\/www.catwayed.com\/es\/wp-json\/wp\/v2\/types\/product"}],"replies":[{"embeddable":true,"href":"https:\/\/www.catwayed.com\/es\/wp-json\/wp\/v2\/comments?post=6432"}],"version-history":[{"count":1,"href":"https:\/\/www.catwayed.com\/es\/wp-json\/wp\/v2\/product\/6432\/revisions"}],"predecessor-version":[{"id":6434,"href":"https:\/\/www.catwayed.com\/es\/wp-json\/wp\/v2\/product\/6432\/revisions\/6434"}],"wp:featuredmedia":[{"embeddable":true,"href":"https:\/\/www.catwayed.com\/es\/wp-json\/wp\/v2\/media\/6440"}],"wp:attachment":[{"href":"https:\/\/www.catwayed.com\/es\/wp-json\/wp\/v2\/media?parent=6432"}],"wp:term":[{"taxonomy":"product_brand","embeddable":true,"href":"https:\/\/www.catwayed.com\/es\/wp-json\/wp\/v2\/product_brand?post=6432"},{"taxonomy":"product_cat","embeddable":true,"href":"https:\/\/www.catwayed.com\/es\/wp-json\/wp\/v2\/product_cat?post=6432"},{"taxonomy":"product_tag","embeddable":true,"href":"https:\/\/www.catwayed.com\/es\/wp-json\/wp\/v2\/product_tag?post=6432"}],"curies":[{"name":"wp","href":"https:\/\/api.w.org\/{rel}","templated":true}]}}