{"id":5517,"date":"2025-11-09T18:41:01","date_gmt":"2025-11-09T17:41:01","guid":{"rendered":"https:\/\/catwayed.com\/?post_type=product&#038;p=5517"},"modified":"2026-04-15T20:09:18","modified_gmt":"2026-04-15T18:09:18","slug":"witch-of-the-thistle-castle-vol-1","status":"publish","type":"product","link":"https:\/\/www.catwayed.com\/es\/producte\/witch-of-the-thistle-castle-vol-1\/","title":{"rendered":"La Bruixa del Castell dels Cards  &#8211; Vol.1"},"content":{"rendered":"<p>La Marie, que regenta una modesta empresa d enc\u00e0rrecs que es troba a la corda fluixa, \u00e9s una bruixa aut\u00e8ntica i domina la m\u00e0gia, l art de negociar amb els esperits que conformen el m\u00f3n. Un dia, l Esgl\u00e9sia de Londres li atorga la tutela d un jove aprenent de bruixot. El problema \u00e9s que es tracta d un noi extremament perill\u00f3s, portador d un talent male\u00eft.<\/p>\n","protected":false},"excerpt":{"rendered":"<p>La Marie, que regenta una modesta empresa d enc\u00e0rrecs que es troba a la corda fluixa, \u00e9s una bruixa aut\u00e8ntica i domina la m\u00e0gia, l art de negociar amb els esperits que conformen el m\u00f3n. Un dia, l Esgl\u00e9sia de Londres li atorga la tutela d un jove aprenent de bruixot. El problema \u00e9s que es tracta d un noi extremament perill\u00f3s, portador d un talent male\u00eft.<\/p>\n","protected":false},"featured_media":5262,"comment_status":"open","ping_status":"closed","template":"","meta":[],"product_brand":[],"product_cat":[115,124],"product_tag":[],"class_list":{"0":"post-5517","1":"product","2":"type-product","3":"status-publish","4":"has-post-thumbnail","6":"product_cat-azami-no-shiro-no-majo","7":"product_cat-witch-of-thistle-castle","8":"product_author-john-tarachine","9":"product_genre-fantasia","10":"product_genre-josei","11":"product_genre-misteri","12":"product_genre-slice-of-life","14":"first","15":"instock","16":"shipping-taxable","17":"product-type-external"},"_links":{"self":[{"href":"https:\/\/www.catwayed.com\/es\/wp-json\/wp\/v2\/product\/5517","targetHints":{"allow":["GET"]}}],"collection":[{"href":"https:\/\/www.catwayed.com\/es\/wp-json\/wp\/v2\/product"}],"about":[{"href":"https:\/\/www.catwayed.com\/es\/wp-json\/wp\/v2\/types\/product"}],"replies":[{"embeddable":true,"href":"https:\/\/www.catwayed.com\/es\/wp-json\/wp\/v2\/comments?post=5517"}],"version-history":[{"count":7,"href":"https:\/\/www.catwayed.com\/es\/wp-json\/wp\/v2\/product\/5517\/revisions"}],"predecessor-version":[{"id":6397,"href":"https:\/\/www.catwayed.com\/es\/wp-json\/wp\/v2\/product\/5517\/revisions\/6397"}],"wp:featuredmedia":[{"embeddable":true,"href":"https:\/\/www.catwayed.com\/es\/wp-json\/wp\/v2\/media\/5262"}],"wp:attachment":[{"href":"https:\/\/www.catwayed.com\/es\/wp-json\/wp\/v2\/media?parent=5517"}],"wp:term":[{"taxonomy":"product_brand","embeddable":true,"href":"https:\/\/www.catwayed.com\/es\/wp-json\/wp\/v2\/product_brand?post=5517"},{"taxonomy":"product_cat","embeddable":true,"href":"https:\/\/www.catwayed.com\/es\/wp-json\/wp\/v2\/product_cat?post=5517"},{"taxonomy":"product_tag","embeddable":true,"href":"https:\/\/www.catwayed.com\/es\/wp-json\/wp\/v2\/product_tag?post=5517"}],"curies":[{"name":"wp","href":"https:\/\/api.w.org\/{rel}","templated":true}]}}