{"id":194,"date":"2024-09-25T09:48:15","date_gmt":"2024-09-25T09:48:15","guid":{"rendered":"http:\/\/source.wpopal.com\/bokifa\/product\/the-time-travelers-wife\/"},"modified":"2026-04-15T20:13:39","modified_gmt":"2026-04-15T18:13:39","slug":"cube-arts-vol-2","status":"publish","type":"product","link":"https:\/\/www.catwayed.com\/es\/producte\/cube-arts-vol-2\/","title":{"rendered":"Cube Arts &#8211; Vol.2 (castellano)"},"content":{"rendered":"","protected":false},"excerpt":{"rendered":"<p>Infinidad de bloques&#8230; \u00a1y nada m\u00e1s!<br \/>\nEl nuevo paradigma de los RPG ofrece libertad total.<\/p>\n<p>Noa ha quedado cautiva en los calabozos de Gaku, dirigente de un negocio de venta de esclavos. Para hacerse m\u00e1s fuerte, Takuto forja su<\/p>\n<p>ansiado Espad\u00f3n de hierro utilizando diamantes.<\/p>\n<p>Entretanto, un nuevo misterio emerge: las Soul Stones que caen cuando muere un jugador.<\/p>\n<p>Vagonetas, caballos, peleas con monstruos&#8230; \u00a1Un sandbox de diversi\u00f3n infinita! Da comienzo el segundo cap\u00edtulo de este RPG de fantas\u00eda y construcci\u00f3n.<\/p>\n<p>&nbsp;<\/p>\n","protected":false},"featured_media":6386,"comment_status":"open","ping_status":"closed","template":"","meta":[],"product_brand":[],"product_cat":[113],"product_tag":[],"class_list":{"0":"post-194","1":"product","2":"type-product","3":"status-publish","4":"has-post-thumbnail","6":"product_cat-cube-arts","7":"product_author-tomomi-usui","8":"product_genre-aventura","9":"product_genre-sci-fi","10":"product_genre-seinen","12":"first","13":"instock","14":"shipping-taxable","15":"product-type-external"},"_links":{"self":[{"href":"https:\/\/www.catwayed.com\/es\/wp-json\/wp\/v2\/product\/194","targetHints":{"allow":["GET"]}}],"collection":[{"href":"https:\/\/www.catwayed.com\/es\/wp-json\/wp\/v2\/product"}],"about":[{"href":"https:\/\/www.catwayed.com\/es\/wp-json\/wp\/v2\/types\/product"}],"replies":[{"embeddable":true,"href":"https:\/\/www.catwayed.com\/es\/wp-json\/wp\/v2\/comments?post=194"}],"version-history":[{"count":10,"href":"https:\/\/www.catwayed.com\/es\/wp-json\/wp\/v2\/product\/194\/revisions"}],"predecessor-version":[{"id":6400,"href":"https:\/\/www.catwayed.com\/es\/wp-json\/wp\/v2\/product\/194\/revisions\/6400"}],"wp:featuredmedia":[{"embeddable":true,"href":"https:\/\/www.catwayed.com\/es\/wp-json\/wp\/v2\/media\/6386"}],"wp:attachment":[{"href":"https:\/\/www.catwayed.com\/es\/wp-json\/wp\/v2\/media?parent=194"}],"wp:term":[{"taxonomy":"product_brand","embeddable":true,"href":"https:\/\/www.catwayed.com\/es\/wp-json\/wp\/v2\/product_brand?post=194"},{"taxonomy":"product_cat","embeddable":true,"href":"https:\/\/www.catwayed.com\/es\/wp-json\/wp\/v2\/product_cat?post=194"},{"taxonomy":"product_tag","embeddable":true,"href":"https:\/\/www.catwayed.com\/es\/wp-json\/wp\/v2\/product_tag?post=194"}],"curies":[{"name":"wp","href":"https:\/\/api.w.org\/{rel}","templated":true}]}}