{"id":190,"date":"2024-09-25T09:48:11","date_gmt":"2024-09-25T09:48:11","guid":{"rendered":"http:\/\/source.wpopal.com\/bokifa\/product\/the-brief-wondrous-life-of-oscar-wao\/"},"modified":"2026-04-15T20:10:41","modified_gmt":"2026-04-15T18:10:41","slug":"a-tails-tale-vol-1","status":"publish","type":"product","link":"https:\/\/www.catwayed.com\/es\/producte\/a-tails-tale-vol-1\/","title":{"rendered":"Cap i Cua &#8211; Vol.1"},"content":{"rendered":"<p>Una conmovedora historia entre un ni\u00f1o solitario y un gato que parece m\u00e1s de lo que aparenta. Un manga sobre v\u00ednculos, p\u00e9rdidas y<br \/>\nnuevas oportunidades.<\/p>\n","protected":false},"excerpt":{"rendered":"<p>Una conmovedora historia entre un ni\u00f1o solitario y un gato que parece m\u00e1s de lo que aparenta. Un manga sobre v\u00ednculos, p\u00e9rdidas y<br \/>\nnuevas oportunidades.<\/p>\n","protected":false},"featured_media":5269,"comment_status":"open","ping_status":"closed","template":"","meta":[],"product_brand":[],"product_cat":[125,114],"product_tag":[],"class_list":{"0":"post-190","1":"product","2":"type-product","3":"status-publish","4":"has-post-thumbnail","6":"product_cat-a-tails-tale","7":"product_cat-okashi","8":"product_author-mizu-sahara","9":"product_genre-drama","10":"product_genre-fantasia","11":"product_genre-seinen","12":"product_genre-slice-of-life","14":"first","15":"instock","16":"shipping-taxable","17":"product-type-external"},"_links":{"self":[{"href":"https:\/\/www.catwayed.com\/es\/wp-json\/wp\/v2\/product\/190","targetHints":{"allow":["GET"]}}],"collection":[{"href":"https:\/\/www.catwayed.com\/es\/wp-json\/wp\/v2\/product"}],"about":[{"href":"https:\/\/www.catwayed.com\/es\/wp-json\/wp\/v2\/types\/product"}],"replies":[{"embeddable":true,"href":"https:\/\/www.catwayed.com\/es\/wp-json\/wp\/v2\/comments?post=190"}],"version-history":[{"count":5,"href":"https:\/\/www.catwayed.com\/es\/wp-json\/wp\/v2\/product\/190\/revisions"}],"predecessor-version":[{"id":6398,"href":"https:\/\/www.catwayed.com\/es\/wp-json\/wp\/v2\/product\/190\/revisions\/6398"}],"wp:featuredmedia":[{"embeddable":true,"href":"https:\/\/www.catwayed.com\/es\/wp-json\/wp\/v2\/media\/5269"}],"wp:attachment":[{"href":"https:\/\/www.catwayed.com\/es\/wp-json\/wp\/v2\/media?parent=190"}],"wp:term":[{"taxonomy":"product_brand","embeddable":true,"href":"https:\/\/www.catwayed.com\/es\/wp-json\/wp\/v2\/product_brand?post=190"},{"taxonomy":"product_cat","embeddable":true,"href":"https:\/\/www.catwayed.com\/es\/wp-json\/wp\/v2\/product_cat?post=190"},{"taxonomy":"product_tag","embeddable":true,"href":"https:\/\/www.catwayed.com\/es\/wp-json\/wp\/v2\/product_tag?post=190"}],"curies":[{"name":"wp","href":"https:\/\/api.w.org\/{rel}","templated":true}]}}