{"id":5937,"date":"2025-11-18T15:49:37","date_gmt":"2025-11-18T14:49:37","guid":{"rendered":"https:\/\/catwayed.com\/?page_id=5937"},"modified":"2025-11-18T15:58:30","modified_gmt":"2025-11-18T14:58:30","slug":"distribucion","status":"publish","type":"page","link":"https:\/\/www.catwayed.com\/es\/distribucion\/","title":{"rendered":"Distribuci\u00f3n"},"content":{"rendered":"\t\t<div data-elementor-type=\"wp-page\" data-elementor-id=\"5937\" class=\"elementor elementor-5937\">\n\t\t\t\t<div class=\"elementor-element elementor-element-8e96cd8 e-flex e-con-boxed e-con e-parent\" data-id=\"8e96cd8\" data-element_type=\"container\" data-e-type=\"container\" data-settings=\"{&quot;background_background&quot;:&quot;gradient&quot;}\">\n\t\t\t\t\t<div class=\"e-con-inner\">\n\t\t<div class=\"elementor-element elementor-element-9a9f54a e-con-full e-flex e-con e-child\" data-id=\"9a9f54a\" data-element_type=\"container\" data-e-type=\"container\">\n\t\t\t\t<div class=\"elementor-element elementor-element-49489cb elementor-view-default elementor-invisible elementor-widget elementor-widget-icon\" data-id=\"49489cb\" data-element_type=\"widget\" data-e-type=\"widget\" data-settings=\"{&quot;_animation&quot;:&quot;fadeIn&quot;}\" data-widget_type=\"icon.default\">\n\t\t\t\t<div class=\"elementor-widget-container\">\n\t\t\t\t\t\t\t<div class=\"elementor-icon-wrapper\">\n\t\t\t<div class=\"elementor-icon\">\n\t\t\t<i aria-hidden=\"true\" class=\"bokifa-icon- bokifa-icon-star-1\"><\/i>\t\t\t<\/div>\n\t\t<\/div>\n\t\t\t\t\t\t<\/div>\n\t\t\t\t<\/div>\n\t\t\t\t<div class=\"elementor-element elementor-element-8ab138b subtitle-position-above elementor-align-center elementor-widget__width-initial elementor-invisible elementor-widget elementor-widget-bokifa-heading\" data-id=\"8ab138b\" data-element_type=\"widget\" data-e-type=\"widget\" data-settings=\"{&quot;_animation&quot;:&quot;fadeInUp&quot;}\" data-widget_type=\"bokifa-heading.default\">\n\t\t\t\t<div class=\"elementor-widget-container\">\n\t\t\t\t\t<div class=\"elementor-heading-wrapper-inner\"><h3 class=\"elementor-heading-title elementor-size-default\">Somos un sello editorial de Continuara Comics, <span style=\"color:#F09D23\">la librer\u00eda especializada en c\u00f3mics<\/span> m\u00e1s veterana de Espa\u00f1a.<\/h3><div class=\"elementor-sub-title\">qui\u00e9nes somos<\/div><\/div>\t\t\t\t<\/div>\n\t\t\t\t<\/div>\n\t\t\t\t<div class=\"elementor-element elementor-element-147e41a elementor-absolute elementor-invisible elementor-widget elementor-widget-image\" data-id=\"147e41a\" data-element_type=\"widget\" data-e-type=\"widget\" data-settings=\"{&quot;_position&quot;:&quot;absolute&quot;,&quot;_animation&quot;:&quot;fadeInRight&quot;,&quot;_animation_delay&quot;:150}\" data-widget_type=\"image.default\">\n\t\t\t\t<div class=\"elementor-widget-container\">\n\t\t\t\t\t\t\t\t\t\t<div class=\"elementor-image\">\n\t\t\t\t\t\t\t\t                <div class=\"elementor-bokifa-bg-image\" ><\/div>\n\t\t\t\t<img decoding=\"async\" width=\"109\" height=\"109\" src=\"https:\/\/www.catwayed.com\/wp-content\/uploads\/2024\/09\/about-png-1.png\" class=\"attachment-full size-full wp-image-1104\" alt=\"\" srcset=\"https:\/\/www.catwayed.com\/wp-content\/uploads\/2024\/09\/about-png-1.png 109w, https:\/\/www.catwayed.com\/wp-content\/uploads\/2024\/09\/about-png-1-50x50.png 50w, https:\/\/www.catwayed.com\/wp-content\/uploads\/2024\/09\/about-png-1-100x100.png 100w\" sizes=\"(max-width: 109px) 100vw, 109px\" \/>\t\t\t\t\t\t\t\t\t\t\t\t\t\t<\/div>\n\t\t\t\t\t\t\t\t<\/div>\n\t\t\t\t<\/div>\n\t\t\t\t<div class=\"elementor-element elementor-element-c684fcb elementor-absolute elementor-invisible elementor-widget elementor-widget-image\" data-id=\"c684fcb\" data-element_type=\"widget\" data-e-type=\"widget\" data-settings=\"{&quot;_position&quot;:&quot;absolute&quot;,&quot;_animation&quot;:&quot;fadeInRight&quot;,&quot;_animation_delay&quot;:350}\" data-widget_type=\"image.default\">\n\t\t\t\t<div class=\"elementor-widget-container\">\n\t\t\t\t\t\t\t\t\t\t<div class=\"elementor-image\">\n\t\t\t\t\t\t\t\t                <div class=\"elementor-bokifa-bg-image\" ><\/div>\n\t\t\t\t<img decoding=\"async\" width=\"90\" height=\"90\" src=\"https:\/\/www.catwayed.com\/wp-content\/uploads\/2024\/09\/about-png-2.png\" class=\"attachment-full size-full wp-image-1105\" alt=\"\" srcset=\"https:\/\/www.catwayed.com\/wp-content\/uploads\/2024\/09\/about-png-2.png 90w, https:\/\/www.catwayed.com\/wp-content\/uploads\/2024\/09\/about-png-2-50x50.png 50w\" sizes=\"(max-width: 90px) 100vw, 90px\" \/>\t\t\t\t\t\t\t\t\t\t\t\t\t\t<\/div>\n\t\t\t\t\t\t\t\t<\/div>\n\t\t\t\t<\/div>\n\t\t\t\t<div class=\"elementor-element elementor-element-0144d1a elementor-absolute elementor-invisible elementor-widget elementor-widget-image\" data-id=\"0144d1a\" data-element_type=\"widget\" data-e-type=\"widget\" data-settings=\"{&quot;_position&quot;:&quot;absolute&quot;,&quot;_animation&quot;:&quot;fadeInLeft&quot;,&quot;_animation_delay&quot;:100}\" data-widget_type=\"image.default\">\n\t\t\t\t<div class=\"elementor-widget-container\">\n\t\t\t\t\t\t\t\t\t\t<div class=\"elementor-image\">\n\t\t\t\t\t\t\t\t                <div class=\"elementor-bokifa-bg-image\" ><\/div>\n\t\t\t\t<img decoding=\"async\" width=\"80\" height=\"49\" src=\"https:\/\/www.catwayed.com\/wp-content\/uploads\/2024\/09\/about-png-3.png\" class=\"attachment-full size-full wp-image-1106\" alt=\"\" \/>\t\t\t\t\t\t\t\t\t\t\t\t\t\t<\/div>\n\t\t\t\t\t\t\t\t<\/div>\n\t\t\t\t<\/div>\n\t\t\t\t<div class=\"elementor-element elementor-element-c83c261 elementor-absolute elementor-hidden-mobile elementor-invisible elementor-widget elementor-widget-image\" data-id=\"c83c261\" data-element_type=\"widget\" data-e-type=\"widget\" data-settings=\"{&quot;_position&quot;:&quot;absolute&quot;,&quot;_animation&quot;:&quot;fadeInLeft&quot;,&quot;_animation_delay&quot;:300}\" data-widget_type=\"image.default\">\n\t\t\t\t<div class=\"elementor-widget-container\">\n\t\t\t\t\t\t\t\t\t\t<div class=\"elementor-image\">\n\t\t\t\t\t\t\t\t                <div class=\"elementor-bokifa-bg-image\" ><\/div>\n\t\t\t\t<img loading=\"lazy\" decoding=\"async\" width=\"91\" height=\"91\" src=\"https:\/\/www.catwayed.com\/wp-content\/uploads\/2024\/09\/about-png-4.png\" class=\"attachment-full size-full wp-image-1107\" alt=\"\" srcset=\"https:\/\/www.catwayed.com\/wp-content\/uploads\/2024\/09\/about-png-4.png 91w, https:\/\/www.catwayed.com\/wp-content\/uploads\/2024\/09\/about-png-4-50x50.png 50w\" sizes=\"(max-width: 91px) 100vw, 91px\" \/>\t\t\t\t\t\t\t\t\t\t\t\t\t\t<\/div>\n\t\t\t\t\t\t\t\t<\/div>\n\t\t\t\t<\/div>\n\t\t\t\t<\/div>\n\t\t\t\t\t<\/div>\n\t\t\t\t<\/div>\n\t\t<div class=\"elementor-element elementor-element-61b461a e-flex e-con-boxed e-con e-parent\" data-id=\"61b461a\" data-element_type=\"container\" data-e-type=\"container\">\n\t\t\t\t\t<div class=\"e-con-inner\">\n\t\t<div class=\"elementor-element elementor-element-73a3798 e-con-full e-flex elementor-invisible e-con e-child\" data-id=\"73a3798\" data-element_type=\"container\" data-e-type=\"container\" data-settings=\"{&quot;animation&quot;:&quot;fadeInLeft&quot;}\">\n\t\t<div class=\"elementor-element elementor-element-00ee7c2 e-con-full e-flex e-con e-child\" data-id=\"00ee7c2\" data-element_type=\"container\" data-e-type=\"container\">\n\t\t\t\t<div class=\"elementor-element elementor-element-d8517b5 elementor-absolute elementor-widget elementor-widget-image\" data-id=\"d8517b5\" data-element_type=\"widget\" data-e-type=\"widget\" data-settings=\"{&quot;_position&quot;:&quot;absolute&quot;}\" data-widget_type=\"image.default\">\n\t\t\t\t<div class=\"elementor-widget-container\">\n\t\t\t\t\t\t\t\t\t\t<div class=\"elementor-image\">\n\t\t\t\t\t\t\t\t                <div class=\"elementor-bokifa-bg-image\" ><\/div>\n\t\t\t\t<img loading=\"lazy\" decoding=\"async\" width=\"813\" height=\"544\" src=\"https:\/\/www.catwayed.com\/wp-content\/uploads\/2025\/11\/continuara_comics_01-1.webp\" class=\"attachment-full size-full wp-image-5825\" alt=\"Continuara Comics\" srcset=\"https:\/\/www.catwayed.com\/wp-content\/uploads\/2025\/11\/continuara_comics_01-1.webp 813w, https:\/\/www.catwayed.com\/wp-content\/uploads\/2025\/11\/continuara_comics_01-1-300x201.webp 300w, https:\/\/www.catwayed.com\/wp-content\/uploads\/2025\/11\/continuara_comics_01-1-768x514.webp 768w, https:\/\/www.catwayed.com\/wp-content\/uploads\/2025\/11\/continuara_comics_01-1-580x388.webp 580w\" sizes=\"(max-width: 813px) 100vw, 813px\" \/>\t\t\t\t\t\t\t\t\t\t\t\t\t\t<\/div>\n\t\t\t\t\t\t\t\t<\/div>\n\t\t\t\t<\/div>\n\t\t\t\t<div class=\"elementor-element elementor-element-8c66e8a elementor-widget__width-initial elementor-widget elementor-widget-icon-box\" data-id=\"8c66e8a\" data-element_type=\"widget\" data-e-type=\"widget\" data-widget_type=\"icon-box.default\">\n\t\t\t\t<div class=\"elementor-widget-container\">\n\t\t\t\t\t    \t\t<div class=\"elementor-icon-box-wrapper\">\n    \t\t\t    \t\t\t<div class=\"elementor-icon-box-content\">\n    \t\t\t\t<h3 class=\"elementor-icon-box-title\">\n    \t\t\t\t\t<span  >\n    \t\t\t\t\t\tSomos fans    \t\t\t\t\t<\/span>\n    \t\t\t\t<\/h3>\n    \t\t\t\t    \t\t\t\t\t<p class=\"elementor-icon-box-description\">\n    \t\t\t\t\t\tSabemos lo importante que es que una edici\u00f3n est\u00e9 bien hecha, y nos tomamos cada publicaci\u00f3n como si fuera para nuestra propia estanter\u00eda    \t\t\t\t\t<\/p>\n    \t\t\t\t    \t\t\t<\/div>\n\n    \t\t<\/div>\n    \t\t\t\t\t\t<\/div>\n\t\t\t\t<\/div>\n\t\t\t\t<\/div>\n\t\t<div class=\"elementor-element elementor-element-a3a2d1e e-con-full e-flex e-con e-child\" data-id=\"a3a2d1e\" data-element_type=\"container\" data-e-type=\"container\">\n\t\t<div class=\"elementor-element elementor-element-361f7c3 e-con-full e-flex e-con e-child\" data-id=\"361f7c3\" data-element_type=\"container\" data-e-type=\"container\">\n\t\t\t\t<div class=\"elementor-element elementor-element-67ad71e elementor-widget elementor-widget-heading\" data-id=\"67ad71e\" data-element_type=\"widget\" data-e-type=\"widget\" data-widget_type=\"heading.default\">\n\t\t\t\t<div class=\"elementor-widget-container\">\n\t\t\t\t\t<h5 class=\"elementor-heading-title elementor-size-default\">Sal\u00f3n del Manga<\/h5>\t\t\t\t<\/div>\n\t\t\t\t<\/div>\n\t\t\t\t<div class=\"elementor-element elementor-element-03800aa elementor-widget__width-initial elementor-widget-mobile__width-inherit elementor-widget elementor-widget-text-editor\" data-id=\"03800aa\" data-element_type=\"widget\" data-e-type=\"widget\" data-widget_type=\"text-editor.default\">\n\t\t\t\t<div class=\"elementor-widget-container\">\n\t\t\t\t\t\t\t\t\t<p>Tenemos presencia en el Manga BCN, el sal\u00f3n del manga m\u00e1s grande de Espa\u00f1a.<\/p>\t\t\t\t\t\t\t\t<\/div>\n\t\t\t\t<\/div>\n\t\t\t\t<\/div>\n\t\t<div class=\"elementor-element elementor-element-093124d e-con-full e-flex e-con e-child\" data-id=\"093124d\" data-element_type=\"container\" data-e-type=\"container\">\n\t\t\t\t<div class=\"elementor-element elementor-element-5a6244a elementor-widget elementor-widget-heading\" data-id=\"5a6244a\" data-element_type=\"widget\" data-e-type=\"widget\" data-widget_type=\"heading.default\">\n\t\t\t\t<div class=\"elementor-widget-container\">\n\t\t\t\t\t<h5 class=\"elementor-heading-title elementor-size-default\">Distribuci\u00f3n y Ventas<\/h5>\t\t\t\t<\/div>\n\t\t\t\t<\/div>\n\t\t\t\t<div class=\"elementor-element elementor-element-6bdbb27 elementor-widget__width-initial elementor-widget-mobile__width-inherit elementor-widget elementor-widget-text-editor\" data-id=\"6bdbb27\" data-element_type=\"widget\" data-e-type=\"widget\" data-widget_type=\"text-editor.default\">\n\t\t\t\t<div class=\"elementor-widget-container\">\n\t\t\t\t\t\t\t\t\t<p>Distribuci\u00f3n nacional a trav\u00e9s de canales especializados.<\/p><p>Venta tiendas especializadas y eventos.<\/p><p>Edici\u00f3n simult\u00e1nea en castellano y catal\u00e1n.<\/p>\t\t\t\t\t\t\t\t<\/div>\n\t\t\t\t<\/div>\n\t\t\t\t<\/div>\n\t\t\t\t<\/div>\n\t\t\t\t<\/div>\n\t\t<div class=\"elementor-element elementor-element-d36249c e-con-full elementor-hidden-mobile_extra elementor-hidden-mobile e-flex elementor-invisible e-con e-child\" data-id=\"d36249c\" data-element_type=\"container\" data-e-type=\"container\" data-settings=\"{&quot;animation&quot;:&quot;fadeInRight&quot;}\">\n\t\t\t\t<div class=\"elementor-element elementor-element-6c5585a elementor-widget elementor-widget-image\" data-id=\"6c5585a\" data-element_type=\"widget\" data-e-type=\"widget\" data-widget_type=\"image.default\">\n\t\t\t\t<div class=\"elementor-widget-container\">\n\t\t\t\t\t\t\t\t\t\t<div class=\"elementor-image\">\n\t\t\t\t\t\t\t\t                <div class=\"elementor-bokifa-bg-image\" ><\/div>\n\t\t\t\t<img loading=\"lazy\" decoding=\"async\" width=\"721\" height=\"960\" src=\"https:\/\/www.catwayed.com\/wp-content\/uploads\/2025\/11\/continuara_comics_02-1.webp\" class=\"attachment-full size-full wp-image-5826\" alt=\"Continuara Comics\" srcset=\"https:\/\/www.catwayed.com\/wp-content\/uploads\/2025\/11\/continuara_comics_02-1.webp 721w, https:\/\/www.catwayed.com\/wp-content\/uploads\/2025\/11\/continuara_comics_02-1-225x300.webp 225w, https:\/\/www.catwayed.com\/wp-content\/uploads\/2025\/11\/continuara_comics_02-1-580x772.webp 580w\" sizes=\"(max-width: 721px) 100vw, 721px\" \/>\t\t\t\t\t\t\t\t\t\t\t\t\t\t<\/div>\n\t\t\t\t\t\t\t\t<\/div>\n\t\t\t\t<\/div>\n\t\t\t\t<\/div>\n\t\t\t\t\t<\/div>\n\t\t\t\t<\/div>\n\t\t\t\t<\/div>\n\t\t","protected":false},"excerpt":{"rendered":"<p>Somos un sello editorial de Continuara Comics, la librer\u00eda especializada en c\u00f3mics m\u00e1s veterana de Espa\u00f1a. qui\u00e9nes somos Somos fans Sabemos lo importante que es que una edici\u00f3n est\u00e9 bien hecha, y nos tomamos cada publicaci\u00f3n como si fuera para nuestra propia estanter\u00eda Sal\u00f3n del Manga Tenemos presencia en el Manga BCN, el sal\u00f3n del [&hellip;]<\/p>\n","protected":false},"author":1,"featured_media":0,"parent":0,"menu_order":0,"comment_status":"closed","ping_status":"closed","template":"","meta":{"footnotes":""},"class_list":["post-5937","page","type-page","status-publish","hentry"],"_links":{"self":[{"href":"https:\/\/www.catwayed.com\/es\/wp-json\/wp\/v2\/pages\/5937","targetHints":{"allow":["GET"]}}],"collection":[{"href":"https:\/\/www.catwayed.com\/es\/wp-json\/wp\/v2\/pages"}],"about":[{"href":"https:\/\/www.catwayed.com\/es\/wp-json\/wp\/v2\/types\/page"}],"author":[{"embeddable":true,"href":"https:\/\/www.catwayed.com\/es\/wp-json\/wp\/v2\/users\/1"}],"replies":[{"embeddable":true,"href":"https:\/\/www.catwayed.com\/es\/wp-json\/wp\/v2\/comments?post=5937"}],"version-history":[{"count":7,"href":"https:\/\/www.catwayed.com\/es\/wp-json\/wp\/v2\/pages\/5937\/revisions"}],"predecessor-version":[{"id":5948,"href":"https:\/\/www.catwayed.com\/es\/wp-json\/wp\/v2\/pages\/5937\/revisions\/5948"}],"wp:attachment":[{"href":"https:\/\/www.catwayed.com\/es\/wp-json\/wp\/v2\/media?parent=5937"}],"curies":[{"name":"wp","href":"https:\/\/api.w.org\/{rel}","templated":true}]}}