{"id":14,"date":"2025-11-06T12:18:30","date_gmt":"2025-11-06T11:18:30","guid":{"rendered":"https:\/\/catwayed.com\/?page_id=14"},"modified":"2025-11-18T15:53:04","modified_gmt":"2025-11-18T14:53:04","slug":"condiciones-venta","status":"publish","type":"page","link":"https:\/\/www.catwayed.com\/es\/condiciones-venta\/","title":{"rendered":"Condiciones de venta"},"content":{"rendered":"\t\t<div data-elementor-type=\"wp-page\" data-elementor-id=\"14\" class=\"elementor elementor-14\">\n\t\t\t\t<div class=\"elementor-element elementor-element-4f171906 e-flex e-con-boxed e-con e-parent\" data-id=\"4f171906\" data-element_type=\"container\" data-e-type=\"container\">\n\t\t\t\t\t<div class=\"e-con-inner\">\n\t\t\t\t<div class=\"elementor-element elementor-element-25ec7da7 elementor-widget elementor-widget-text-editor\" data-id=\"25ec7da7\" data-element_type=\"widget\" data-e-type=\"widget\" data-widget_type=\"text-editor.default\">\n\t\t\t\t<div class=\"elementor-widget-container\">\n\t\t\t\t\t\t\t\t\t<p>EL PEDIDO M\u00cdNIMO ES DE 20\u20ac<br>ENV\u00cdOS GRATUITOS A PARTIR DE 48\u20ac EN PEN\u00cdNSULA.<br>EL PEDIDO SE ENVIAR\u00c1 A TRAV\u00c9S DE CORREOSEXPRES UNA VEZ RECIBIDA LA CONFIRMACI\u00d3N DEL PAGO ANTES DE LAS 14h.<\/p>\n<p><b>A continuaci\u00f3n se indican los textos legales sobre la contrataci\u00f3n de servicio online con CONTINUARA COMICS y devoluci\u00f3n de producto:<\/b><\/p>\n<p>La presente p\u00e1gina web www.continuara-comics.com es propiedad de CONTINUARA COMICS SL con CIF B64392228 y direcci\u00f3n fiscal en VIA LAIETANA 29 08003, BARCELONA, actuando comercialmente bajo la marca CONTINUARA COMICS SL.<\/p><p>Las condiciones Generales de Contrataci\u00f3n regulan la relaci\u00f3n de venta a distancia entre CONTINUARA COMICS SL y el usuario o cliente, de acuerdo con las estipulaciones legales, en especial, la Ley 7\/1998, de 13 de abril, sobre Condiciones Generales de Contrataci\u00f3n, la Ley 3\/2014, de 27 de marzo por la que se modifica el texto refundido de la Ley General para la Defensa de los consumidores y Usuarios, la Ley Org\u00e1nica 3\/2018, de 5 de diciembre, de Protecci\u00f3n de Datos Personales y garant\u00eda de los derechos digitales, Reglamento General de Protecci\u00f3n de Datos (UE) 2016\/679, la Ley 7\/1996, de 15 de enero de Ordenaci\u00f3n del Comercio Minorista, y a la Ley 34\/2002 de 11 de julio, de Servicios de la Sociedad de la Informaci\u00f3n y de Comercio Electr\u00f3nico.<\/p>\n<p>CONTINUARA COMICS SL se reserva el derecho a realizar las modificaciones que considere oportunas, sin aviso previo, en las Condiciones Generales. Dichas modificaciones podr\u00e1n realizarse, a trav\u00e9s de sus websites, por cualquier forma admisible en derecho y ser\u00e1n de obligado cumplimiento durante el tiempo en que se encuentren publicadas en la web y hasta que no sean modificadas v\u00e1lidamente por otras posteriores. No obstante, CONTINUARA COMICS SL se reserva el derecho de aplicar, en determinados casos, unas Condiciones Particulares de Contrataci\u00f3n con preferencia a las presentes Condiciones Generales cuando lo considere oportuno, anunci\u00e1ndolas en tiempo y forma oportunos.<\/p><p>El objeto de la p\u00e1gina web es: Venta de comics y merchandising.<br>La duraci\u00f3n del contrato quedar\u00e1 vinculada a la entrega del producto sin perjuicio del derecho de desistimiento.<br>Como usuario o cliente declara expresamente conocer, entender y aceptar las condiciones de uso y estas condiciones generales de contrataci\u00f3n. Del mismo modo, declara ser mayor de edad y tener la capacidad jur\u00eddica y de obrar necesarias para el acceso a los sitios web de CONTINUARA COMICS SL y la contrataci\u00f3n por medio de los mismos.<\/p><p>La Comisi\u00f3n Europea facilita una plataforma de resoluci\u00f3n de litigios en l\u00ednea que se encuentra disponible en el siguiente enlace: http:\/\/ec.europa.eu\/consumers\/odr\/ Para adquirir nuestros productos, usted puede dirigirse al apartado correspondiente de nuestra tienda online.<\/p><p>Es requisito imprescindible que se registre como usuario de la web para realizar la compra online. Puede acceder al apartado correspondiente para el registro en la propia web. De conformidad con la normativa aplicable y vigente en materia de protecci\u00f3n de datos, CONTINUARA COMICS SL informa a los usuarios que los datos personales recabados durante el proceso de registro y posterior compra, ser\u00e1n incorporados al sistema de tratamiento titularidad de CONTINUARA COMICS SL, con la finalidad de tramitar dichas acciones por parte del usuario y gestionar actuaciones posteriores derivadas de las mismas.<\/p><p>Sus datos se conservaran el plazo estrictamente necesario para cumplir con las finalidades anteriormente previstas, salvo obligaci\u00f3n legal de conservaci\u00f3n.&nbsp;Le informamos que la base legal del tratamiento de sus datos es la correcta ejecuci\u00f3n del contrato entre las partes y el consentimiento.<\/p>\n<p>De acuerdo con los derechos que le confiere la normativa vigente en protecci\u00f3n de datos podr\u00e1 ejercer los derechos de acceso, rectificaci\u00f3n, limitaci\u00f3n de tratamiento, supresi\u00f3n, portabilidad y oposici\u00f3n al tratamiento de sus datos de car\u00e1cter personal as\u00ed como del consentimiento prestado para el tratamiento de los mismos, dirigiendo su petici\u00f3n a la direcci\u00f3n mencionada m\u00e1s arriba o al correo electr\u00f3nico info@continuara-comics.com. Podr\u00e1 dirigirse a la Autoridad de Control competente para presentar la reclamaci\u00f3n que considere oportuna.<\/p>\n<p>Durante el proceso de compra deber\u00e1 identificarse con el nombre de usuario y la contrase\u00f1a proporcionados. Estos datos no ser\u00e1n p\u00fablicos. Usted se hace responsable de tratar confidencial y responsablemente la identidad y contrase\u00f1a obtenidas en el registro como cliente, no pudiendo cederlas a otro. Puede modificar la informaci\u00f3n registrada en cualquier momento, en su \u00e1rea de cliente. En este mismo apartado usted tendr\u00e1 acceso a un hist\u00f3rico de sus pedidos, est\u00e9 s\u00f3lo es un apartado de consulta pero se permite su gesti\u00f3n, pudiendo el usuario eliminar aquellos registros que considere no es necesario visualizar.<\/p><p>Finalizado el proceso de compra el cliente recibir\u00e1 una confirmaci\u00f3n del mismo por correo electr\u00f3nico. Es imprescindible que durante el proceso de compra el usuario indique un correo electr\u00f3nico v\u00e1lido.&nbsp;Si en 24 horas desde la finalizaci\u00f3n del pedido no recibe la confirmaci\u00f3n, p\u00f3ngase en contacto con CONTINUARA COMICS SL en el tel\u00e9fono de atenci\u00f3n al cliente 933192066 o mediante el correo electr\u00f3nico info@continuara-comics.com.<\/p><p>Todos los contenidos de la web est\u00e1n en espa\u00f1ol.<br>El cliente, al recibir el producto en la direcci\u00f3n de entrega facilitada, recibir\u00e1 una factura o copia del pedido.&nbsp;<\/p>\n<h6><b>Oferta y vigencia&nbsp;<\/b><\/h6>\n<p>En caso de un producto en oferta, siempre se indicar\u00e1 junto a sus caracter\u00edsticas esenciales, el precio de oferta y la validez de la misma.<\/p><p>En cumplimiento de la normativa vigente CONTINUARA COMICS SL ofrece informaci\u00f3n sobre todos los art\u00edculos en venta, sus caracter\u00edsticas y precios. No obstante, CONTINUARA COMICS SL se reserva el derecho a retirar, reponer o cambiar los productos que se ofrecen a trav\u00e9s de su p\u00e1gina web, mediante el simple cambio en el contenido de la misma. De esta forma, los productos ofrecidos en cada momento por la web se regir\u00e1n por las Condiciones Generales de Contrataci\u00f3n vigentes en cada caso. Asimismo, la empresa tendr\u00e1 la facultad de dejar de ofrecer, sin previo aviso y en cualquier momento, el acceso a los productos mencionados.<\/p><h6><b>Caracter\u00edsticas esenciales de los productos<\/b><\/h6><p>Los productos ofertados en nuestra tienda online, incorporan una fotograf\u00eda y las caracter\u00edsticas esenciales del mismo, esta es la informaci\u00f3n obtenida del propio fabricante. El color del producto, observable en la fotograf\u00eda no es vinculante. En las caracter\u00edsticas se identifica el mismo.<\/p><h6><b>Garant\u00edas<\/b><\/h6><p>CONTINUARA COMICS SL responde de las faltas de conformidad de todos los productos ofrecidos en la p\u00e1gina web durante el plazo de dos a\u00f1os desde la entrega. CONTINUARA COMICS SL dispone de un servicio de posventa, durante el plazo indicado. El cliente podr\u00e1 dirigirse al establecimiento de CONTINUARA COMICS SL, al servicio de posventa, por correo electr\u00f3nico a info@continuara-comics.com o a los puntos establecidos por el propio proveedor. En caso de duda podr\u00e1 dirigirse al tel\u00e9fono de atenci\u00f3n al cliente 933192066 o mediante el correo electr\u00f3nico info@continuara-comics.com.<\/p><h6><b>Precios<\/b><\/h6><p>Todos los productos indican el precio de venta en Euros e incluyen el Impuesto sobre el Valor A\u00f1adido (IVA). <br>Si fuera aplicable cualquier otro impuesto, as\u00ed se indicar\u00eda (IGIC o IPSI).&nbsp;<\/p>\n<h6><b>Gastos de entrega y transporte&nbsp;<\/b><\/h6>\n<p>CONTINUARA COMICS SL realiza env\u00edos nacionales e internacionales. Los gastos de env\u00edo de los pedidos dependen de la ciudad de destino, del tama\u00f1o-peso del paquete y de la forma de pago. El cliente podr\u00e1 visualizar los costes antes de realizar la compra. <br>El usuario puede consultar los gastos de env\u00edo a los distintos destinos en el apartado \u201cenv\u00edos\u201d de nuestra p\u00e1gina web. <br>Para env\u00edos a Canarias, Ceuta, Melilla e Internacionales deber\u00e1 ponerse en contacto con nosotros llamando al 933 104 352 o envi\u00e1ndonos un email a web@continuara-comics.com. El plazo de entrega es de entre 1 y 6 d\u00edas h\u00e1biles.<\/p><p>Los env\u00edos fuera de la Comunidad Econ\u00f3mica Europea s\u00f3lo ser\u00e1n posibles si el cliente nos env\u00eda un transportista a recoger su pedido. Previamente deber\u00e1 haber hecho el pago de los art\u00edculos mediante tarjeta de cr\u00e9dito o transferencia bancaria.&nbsp;&nbsp;CONTINUARA COMICS SL se compromete a preparar apropiadamente el paquete para que lo recoja el transportista una vez confirmado el pago.&nbsp;CONTINUARA COMICS SL solicitar\u00e1 el D.N.I. para los pedidos que incluyan material para adultos.&nbsp;<\/p>\n<h6><b>Formas de pago y ejecuci\u00f3n del pedido&nbsp;<\/b><\/h6>\n<p>El cliente podr\u00e1 abonar el importe de su pedido optando por cualquiera de las siguientes formas. Durante el proceso de compra deber\u00e1 indicar su elecci\u00f3n:&nbsp;<\/p>\n<p><b><i style=\"\">&#8211; Tarjeta de cr\u00e9dito VISA o MASTERCARD<\/i><\/b><\/p><p>Todas las operaciones que implican la transmisi\u00f3n de datos personales o bancarios se realizan utilizando un entorno seguro, un servidor basado en la tecnolog\u00eda de seguridad est\u00e1ndar SSL (Secure Sockets Layer). Toda la informaci\u00f3n que nos transmita viaja cifrada a trav\u00e9s de la red.<\/p><p>Asimismo los datos sobre su tarjeta de cr\u00e9dito son introducidos directamente en la p\u00e1gina del banco, en el TPV (Terminal Punto de venta del Banco) y no son introducidos ni registrados en ning\u00fan servidor de CONTINUARA COMICS SL.<\/p><p>Al pagar con tarjeta VISA o MASTERCARD se le solicitar\u00e1n siempre los siguientes datos: el n\u00famero de tarjeta, la fecha de caducidad, y un C\u00f3digo de Validaci\u00f3n que coincide con las tres \u00faltimas cifras del n\u00famero impreso en cursiva en el reverso de su tarjeta VISA o MASTERCARD, ofreciendo, de esta forma, m\u00e1s garant\u00edas acerca de la seguridad de la transacci\u00f3n. <br>Esta forma de pago es v\u00e1lida \u00fanicamente en la web.<\/p><p>Cuando el importe de una compra hubiese sido cargado fraudulenta o indebidamente utilizando el n\u00famero de una tarjeta de pago, su titular podr\u00e1 exigir la inmediata anulaci\u00f3n del cargo. En tal caso, las correspondientes anotaciones de adeudo y reabono en las cuentas del proveedor y del titular se efectuar\u00e1n a la mayor brevedad.<\/p><p>Sin embargo, si la compra hubiese sido efectivamente realizada por el titular de la tarjeta y la exigencia de devoluci\u00f3n no fuera consecuencia de haberse ejercido el derecho de desistimiento o de resoluci\u00f3n y, por tanto, hubiese exigido indebidamente la anulaci\u00f3n del correspondiente cargo, aquel quedar\u00e1 obligado frente a CONTINUARA COMICS SL al resarcimiento de los da\u00f1os y perjuicios ocasionados como consecuencia de dicha anulaci\u00f3n.&nbsp;<\/p>\n<p><i><b>&#8211; Transferencia Bancaria<\/b><\/i><\/p><p>Al seleccionar la transferencia bancaria recibir\u00e1, junto con la confirmaci\u00f3n de su pedido, un e-mail con los datos bancarios de CONTINUARA COMICS SL.&nbsp;Es muy importante que al realizar la transferencia indique en el asunto el n\u00famero de pedido, as\u00ed como su nombre y apellidos, y realice la transferencia dentro de los 3 d\u00edas posteriores a la fecha de confirmaci\u00f3n del pedido para poder validarlo.<\/p><p>Si lo desea, puede enviarnos el justificante de la transferencia por e-mail info@continuara-comics.com. Pero en cualquier caso, no se considerar\u00e1 efectivo el pedido hasta que nuestro departamento de administraci\u00f3n no tenga confirmaci\u00f3n bancaria de la transferencia.<\/p><p>Recordarle que el pago se tiene que realizar en EUROS y que todas las eventuales comisiones de cambio y bancarias corren por su cuenta.&nbsp;En el caso de transferencias bancarias realizadas desde fuera de Espa\u00f1a, es muy importante que al ordenar la transferencia comunique siempre a su banco hacerse cargo de las comisiones en origen, aquellas comisiones bancarias y gastos correspondientes a su entidad. De no ser as\u00ed, CONTINUARA COMICS SL podr\u00eda paralizar el env\u00edo de su pedido al no recibir la cantidad \u00edntegra del mismo. Las posibles comisiones de cambio y bancarias corren a cargo del cliente.&nbsp;<\/p>\n<p>La disponibilidad de los productos ofrecidos por CONTINUARA COMICS SL puede variar en funci\u00f3n de la demanda de los clientes. Pese a que CONTINUARA COMICS SL actualiza el stock peri\u00f3dicamente, el producto solicitado por el cliente podr\u00eda estar agotado en ese momento. En caso de no ejecuci\u00f3n por indisponibilidad, CONTINUARA COMICS SL en el momento que tenga conocimiento de esta situaci\u00f3n lo notificar\u00e1 al cliente, por medio de un correo electr\u00f3nico.&nbsp;<\/p><p>El periodo de esta comunicaci\u00f3n no superar\u00e1 en ning\u00fan caso el plazo m\u00e1ximo de 30 d\u00edas. CONTINUARA COMICS SL podr\u00e1 dar la doble opci\u00f3n de: suministrar al cliente sin aumento de precio, un producto de caracter\u00edsticas similares o de superior calidad, o salvo razones justificadas y demostrables por CONTINUARA COMICS SL dentro de este mismo periodo abonar las sumas pagadas por el pedido anulado.<\/p><h6><b>Derecho de desistimiento<\/b><\/h6><p>El comprador dispondr\u00e1 de un plazo de catorce d\u00edas naturales para desistir, a partir del d\u00eda que el cliente reciba el producto, sin penalizaci\u00f3n alguna y sin indicaci\u00f3n de los motivos.&nbsp;El ejercicio del derecho de desistimiento deber\u00e1 realizarse mediante notificaci\u00f3n a trav\u00e9s comunicaci\u00f3n telef\u00f3nica a 933192066, dirigi\u00e9ndose al correo electr\u00f3nico info@continuara-comics.com, remitiendo su escrito a nuestra direcci\u00f3n postal VIA LAIETANA 29 08003, BARCELONA, o bien a trav\u00e9s del formulario de desistimiento.<\/p><h6><b>La devoluci\u00f3n&nbsp;<\/b><\/h6>\n<p>El cliente deber\u00e1 devolver o entregar directamente el producto a CONTINUARA COMICS SL, a la direcci\u00f3n VIA LAIETANA 29 08003, BARCELONA, sin ninguna demora indebida, y en todo caso en un plazo m\u00e1ximo de catorce d\u00edas naturales a partir de la fecha en que se formalice el derecho de desistimiento del contrato. Se entender\u00e1 cumplido el plazo si el cliente efect\u00faa la devoluci\u00f3n del producto antes de la finalizaci\u00f3n del plazo. El cliente se har\u00e1 cargo de los costes de devoluci\u00f3n del producto.<\/p>\n<h6><b>Reembolso del pago&nbsp;<\/b><\/h6><p>El reembolso de las cantidades recibidas por el cliente se realizar\u00e1 utilizando los mismos medios de pago empleados por el cliente, siempre y cuando no se haya dispuesto lo contrario.<\/p><p>CONTINUARA COMICS SL podr\u00e1 retener el reembolso hasta haber recibido el producto, motivo de desistimiento, o hasta que el cliente entregue justificante de devoluci\u00f3n del mismo, seg\u00fan que condici\u00f3n se cumpla primero.<br>Devoluci\u00f3n del producto defectuoso.<\/p><p>En el caso de que el producto no se encuentre en buen estado y las causas imputables a este, no sean consecuencia del cliente, este tendr\u00e1 derecho a la devoluci\u00f3n del producto, informando a CONTINUARA COMICS SL del motivo de devoluci\u00f3n a trav\u00e9s de cualquiera de los medios facilitados en las presentes condiciones de contrataci\u00f3n, y sin coste alguno para el cliente. Esta devoluci\u00f3n por motivo de defecto o mal estado del producto no ser\u00e1 considerada un derecho de desistimiento.<\/p><p>CONTINUARA COMICS SL se compromete a asumir el coste de la devoluci\u00f3n y a restituir el producto por uno nuevo de acuerdo con condiciones aceptadas en el momento de la venta. Si el cliente desea presentar una reclamaci\u00f3n, el establecimiento de CONTINUARA COMICS SL est\u00e1 situado en VIA LAIETANA 29 08003, BARCELONA o a trav\u00e9s del correo electr\u00f3nico info@continuara-comics.com.<\/p>\n<h6><b>Jurisdicci\u00f3n&nbsp;<\/b><\/h6>\n<p>Asimismo, CONTINUARA COMICS SL se reserva la facultad de presentar las acciones civiles o penales que considere oportunas por la utilizaci\u00f3n indebida de su sitio web y contenidos o por el incumplimiento de las presentes condiciones. <br>La relaci\u00f3n entre el usuario y el prestador se regir\u00e1 por la normativa vigente y de aplicaci\u00f3n en el territorio espa\u00f1ol. De surgir cualquier controversia las partes podr\u00e1n someter sus conflictos a arbitraje o acudir a la jurisdicci\u00f3n ordinaria cumpliendo con las normas sobre jurisdicci\u00f3n y competencia al respecto. CONTINUARA COMICS SL tiene su domicilio en BARCELONA, Espa\u00f1a.<\/p>\t\t\t\t\t\t\t\t<\/div>\n\t\t\t\t<\/div>\n\t\t\t\t\t<\/div>\n\t\t\t\t<\/div>\n\t\t\t\t<\/div>\n\t\t","protected":false},"excerpt":{"rendered":"<p>EL PEDIDO M\u00cdNIMO ES DE 20\u20acENV\u00cdOS GRATUITOS A PARTIR DE 48\u20ac EN PEN\u00cdNSULA.EL PEDIDO SE ENVIAR\u00c1 A TRAV\u00c9S DE CORREOSEXPRES UNA VEZ RECIBIDA LA CONFIRMACI\u00d3N DEL PAGO ANTES DE LAS 14h. A continuaci\u00f3n se indican los textos legales sobre la contrataci\u00f3n de servicio online con CONTINUARA COMICS y devoluci\u00f3n de producto: La presente p\u00e1gina web [&hellip;]<\/p>\n","protected":false},"author":1,"featured_media":0,"parent":0,"menu_order":0,"comment_status":"closed","ping_status":"closed","template":"","meta":{"footnotes":""},"class_list":["post-14","page","type-page","status-publish","hentry"],"_links":{"self":[{"href":"https:\/\/www.catwayed.com\/es\/wp-json\/wp\/v2\/pages\/14","targetHints":{"allow":["GET"]}}],"collection":[{"href":"https:\/\/www.catwayed.com\/es\/wp-json\/wp\/v2\/pages"}],"about":[{"href":"https:\/\/www.catwayed.com\/es\/wp-json\/wp\/v2\/types\/page"}],"author":[{"embeddable":true,"href":"https:\/\/www.catwayed.com\/es\/wp-json\/wp\/v2\/users\/1"}],"replies":[{"embeddable":true,"href":"https:\/\/www.catwayed.com\/es\/wp-json\/wp\/v2\/comments?post=14"}],"version-history":[{"count":11,"href":"https:\/\/www.catwayed.com\/es\/wp-json\/wp\/v2\/pages\/14\/revisions"}],"predecessor-version":[{"id":5960,"href":"https:\/\/www.catwayed.com\/es\/wp-json\/wp\/v2\/pages\/14\/revisions\/5960"}],"wp:attachment":[{"href":"https:\/\/www.catwayed.com\/es\/wp-json\/wp\/v2\/media?parent=14"}],"curies":[{"name":"wp","href":"https:\/\/api.w.org\/{rel}","templated":true}]}}